{"id":3,"date":"2023-05-20T03:12:45","date_gmt":"2023-05-20T03:12:45","guid":{"rendered":"https:\/\/jlsecurity.mx\/?page_id=3"},"modified":"2025-04-14T17:32:52","modified_gmt":"2025-04-14T22:32:52","slug":"politica-privacidad","status":"publish","type":"page","link":"https:\/\/jlsecurity.mx\/index.php\/politica-privacidad\/","title":{"rendered":"\u00a1CONOCE ACERCA DE NOSOTROS!"},"content":{"rendered":"\n<blockquote class=\"wp-block-quote is-layout-flow wp-block-quote-is-layout-flow\">\n<p>JLSecurity M\u00e9xico, es una empresa mexicana con 20 a\u00f1os de experiencia en el \u00e1rea de las tecnolog\u00edas de la informaci\u00f3n, usamos esta experiencia para convertirnos en su socio de negocio y poder realizar sus proyectos de manera profesional. Contamos con alianzas con las mejores marcas del segmento, como HP, DELL, Lenovo, HID, Zebra, 1HORA.<\/p>\n<\/blockquote>\n\n\n\n<h3 class=\"wp-block-heading\"><strong>\u00bfQui\u00e9nes somos?<\/strong><\/h3>\n\n\n\n<p><strong>JL Security<\/strong> es una empresa especializada en brindar soluciones integrales en seguridad f\u00edsica y electr\u00f3nica. Nuestro objetivo principal es ofrecer a nuestros clientes la protecci\u00f3n y confianza necesarias para salvaguardar sus bienes, espacios y personas.<\/p>\n\n\n\n<p>Contamos con un equipo multidisciplinario de profesionales altamente capacitados y comprometidos con la excelencia, lo que nos permite ofrecer servicios de alta calidad, basados en tecnolog\u00eda de vanguardia y en un enfoque centrado en las necesidades espec\u00edficas de cada cliente.<\/p>\n\n\n\n<h3 class=\"wp-block-heading\"><strong>Misi\u00f3n<\/strong><\/h3>\n\n\n\n<p>Proporcionar soluciones de seguridad confiables, eficientes y personalizadas, que contribuyan a la protecci\u00f3n integral de nuestros clientes, manteniendo siempre los m\u00e1s altos est\u00e1ndares de calidad y servicio.<\/p>\n\n\n\n<h3 class=\"wp-block-heading\"><strong>Visi\u00f3n<\/strong><\/h3>\n\n\n\n<p>Ser una empresa l\u00edder en el sector de la seguridad, reconocida por su profesionalismo, innovaci\u00f3n tecnol\u00f3gica y compromiso con la tranquilidad de nuestros clientes.<\/p>\n\n\n\n<h3 class=\"wp-block-heading\"><strong>Nuestros Valores<br><\/strong><\/h3>\n\n\n\n<ul class=\"wp-block-list\">\n<li><strong>Responsabilidad:<\/strong> Actuamos con \u00e9tica y compromiso en cada uno de nuestros proyectos.<\/li>\n\n\n\n<li><strong>Confianza:<\/strong> Fomentamos relaciones duraderas con nuestros clientes, basadas en la transparencia y el cumplimiento.<\/li>\n\n\n\n<li><strong>Innovaci\u00f3n:<\/strong> Utilizamos tecnolog\u00edas de \u00faltima generaci\u00f3n para garantizar soluciones efectivas.<\/li>\n\n\n\n<li><strong>Calidad:<\/strong> Nos esforzamos por ofrecer un servicio impecable, desde la atenci\u00f3n al cliente hasta la ejecuci\u00f3n t\u00e9cnica.<\/li>\n<\/ul>\n\n\n\n<h3 class=\"wp-block-heading\"><strong>Comentarios<\/strong><\/h3>\n\n\n\n<p>Cuando los visitantes dejan comentarios en la web, recopilamos los datos que se muestran en el formulario de comentarios, as\u00ed como la direcci\u00f3n IP del visitante y la cadena de agentes de usuario del navegador para ayudar a la detecci\u00f3n de spam.<\/p>\n\n\n\n<p>Una cadena an\u00f3nima creada a partir de tu direcci\u00f3n de correo electr\u00f3nico (tambi\u00e9n llamada hash) puede ser proporcionada al servicio de Gravatar para ver si la est\u00e1s usando. La pol\u00edtica de privacidad del servicio Gravatar est\u00e1 disponible aqu\u00ed: https:\/\/automattic.com\/privacy\/. Despu\u00e9s de la aprobaci\u00f3n de tu comentario, la imagen de tu perfil es visible para el p\u00fablico en el contexto de su comentario.<\/p>\n\n\n\n<h3 class=\"wp-block-heading\"><strong>Medios<\/strong><\/h3>\n\n\n\n<p>Si subes im\u00e1genes a la web deber\u00edas evitar subir im\u00e1genes con datos de ubicaci\u00f3n (GPS EXIF) incluidos. Los visitantes de la web pueden descargar y extraer cualquier dato de localizaci\u00f3n de las im\u00e1genes de la web.<\/p>\n\n\n\n<h3 class=\"wp-block-heading\"><strong>Cookies<\/strong><\/h3>\n\n\n\n<p>El sitio web utiliza cookies para optimizar la experiencia del usuario. A continuaci\u00f3n, se detallan los distintos tipos de cookies que pueden ser almacenadas:<\/p>\n\n\n\n<ul class=\"wp-block-list\">\n<li><strong>Cookies de comentarios<\/strong>: al dejar un comentario, el usuario puede optar por guardar su nombre, direcci\u00f3n de correo electr\u00f3nico y sitio web en cookies. Esta funcionalidad tiene por objeto facilitar futuros comentarios. Estas cookies tienen una vigencia de un a\u00f1o.<\/li>\n\n\n\n<li><strong>Cookies de sesi\u00f3n y acceso<\/strong>: al iniciar sesi\u00f3n, se generan cookies para conservar la informaci\u00f3n de inicio de sesi\u00f3n y las preferencias de visualizaci\u00f3n. Las cookies de acceso se mantienen activas durante dos d\u00edas, y las relacionadas con la configuraci\u00f3n de pantalla, durante un a\u00f1o. En caso de seleccionar la opci\u00f3n \u00abRecordarme\u00bb, la sesi\u00f3n permanecer\u00e1 activa durante dos semanas. Al cerrar sesi\u00f3n, estas cookies se eliminan autom\u00e1ticamente.<\/li>\n\n\n\n<li><strong>Cookies de edici\u00f3n de contenido<\/strong>: si se publica o edita un art\u00edculo, se almacena una cookie adicional en el navegador, la cual no contiene informaci\u00f3n personal. Su \u00fanico prop\u00f3sito es registrar el ID del art\u00edculo editado, y expira en un plazo de 24 horas.<\/li>\n<\/ul>\n\n\n\n<h3 class=\"wp-block-heading\"><strong>Contenido incrustado de otros sitios web<\/strong><\/h3>\n\n\n\n<p>Los art\u00edculos publicados en este sitio web pueden incluir contenido incrustado proveniente de otras plataformas (por ejemplo, v\u00eddeos, im\u00e1genes, publicaciones, etc.). Dicho contenido se comporta de manera id\u00e9ntica a como lo har\u00eda si el usuario accediera directamente al sitio de origen.<\/p>\n\n\n\n<p>Estas plataformas pueden recopilar datos personales, utilizar cookies, incorporar herramientas de seguimiento de terceros y supervisar la interacci\u00f3n del usuario con el contenido incrustado, especialmente si el usuario dispone de una cuenta activa y ha iniciado sesi\u00f3n en dicho sitio externo.<\/p>\n\n\n\n<h3 class=\"wp-block-heading\"><strong>Compartici\u00f3n de datos<\/strong><\/h3>\n\n\n\n<p>La informaci\u00f3n personal no se comparte con terceros, salvo en aquellos casos en los que sea estrictamente necesario para el cumplimiento de un proceso solicitado por el usuario. Por ejemplo, al requerir el restablecimiento de una contrase\u00f1a, la direcci\u00f3n IP del solicitante ser\u00e1 incluida en el correo electr\u00f3nico correspondiente como medida de seguridad.<\/p>\n\n\n\n<h3 class=\"wp-block-heading\"><strong>Conservaci\u00f3n de datos<\/strong><\/h3>\n\n\n\n<p>Los comentarios y sus metadatos se almacenan de forma indefinida. Esto permite identificar y aprobar comentarios futuros de manera autom\u00e1tica, sin necesidad de moderaci\u00f3n manual.<\/p>\n\n\n\n<p>En el caso de usuarios que se registren en el sitio (si aplica), se conserva la informaci\u00f3n personal proporcionada en su perfil. Los usuarios pueden consultar, modificar o eliminar sus datos en cualquier momento, con la excepci\u00f3n del nombre de usuario, que no puede ser modificado. Los administradores del sitio tambi\u00e9n pueden acceder y modificar esta informaci\u00f3n.<\/p>\n\n\n\n<p><\/p>\n\n\n\n<h3 class=\"wp-block-heading\"><strong>Derechos del usuario sobre sus datos<\/strong><\/h3>\n\n\n\n<p>Si el usuario tiene una cuenta registrada en el sitio o ha dejado comentarios, puede solicitar un archivo exportado con los datos personales almacenados, incluyendo cualquier informaci\u00f3n que haya proporcionado. Tambi\u00e9n puede solicitar la eliminaci\u00f3n de dichos datos. Esta solicitud no incluye la informaci\u00f3n que debamos conservar por motivos legales, administrativos o de seguridad.<\/p>\n\n\n\n<h3 class=\"wp-block-heading\"><strong>Transferencia y revisi\u00f3n de datos<\/strong><\/h3>\n\n\n\n<p>Los comentarios enviados por los usuarios pueden ser revisados por sistemas automatizados de detecci\u00f3n de contenido no deseado (spam), con el objetivo de proteger la integridad del sitio web.<\/p>\n","protected":false},"excerpt":{"rendered":"<p>JLSecurity M\u00e9xico, es una empresa mexicana con 20 a\u00f1os de experiencia en el \u00e1rea de las tecnolog\u00edas de la informaci\u00f3n, usamos esta experiencia para convertirnos en su socio de negocio y poder realizar sus proyectos de manera profesional. Contamos con alianzas con las mejores marcas del segmento, como HP, DELL, Lenovo, HID, Zebra, 1HORA. \u00bfQui\u00e9nes [&hellip;]<\/p>\n","protected":false},"author":1,"featured_media":0,"parent":0,"menu_order":0,"comment_status":"closed","ping_status":"open","template":"","meta":{"footnotes":""},"class_list":["post-3","page","type-page","status-publish","hentry"],"yoast_head":"<!-- This site is optimized with the Yoast SEO plugin v23.0 - https:\/\/yoast.com\/wordpress\/plugins\/seo\/ -->\n<title>\u00a1CONOCE ACERCA DE NOSOTROS! - JLSecurity M\u00e9xico<\/title>\n<meta name=\"robots\" content=\"index, follow, max-snippet:-1, max-image-preview:large, max-video-preview:-1\" \/>\n<link rel=\"canonical\" href=\"https:\/\/jlsecurity.mx\/index.php\/politica-privacidad\/\" \/>\n<meta property=\"og:locale\" content=\"es_ES\" \/>\n<meta property=\"og:type\" content=\"article\" \/>\n<meta property=\"og:title\" content=\"\u00a1CONOCE ACERCA DE NOSOTROS! - JLSecurity M\u00e9xico\" \/>\n<meta property=\"og:description\" content=\"JLSecurity M\u00e9xico, es una empresa mexicana con 20 a\u00f1os de experiencia en el \u00e1rea de las tecnolog\u00edas de la informaci\u00f3n, usamos esta experiencia para convertirnos en su socio de negocio y poder realizar sus proyectos de manera profesional. Contamos con alianzas con las mejores marcas del segmento, como HP, DELL, Lenovo, HID, Zebra, 1HORA. \u00bfQui\u00e9nes [&hellip;]\" \/>\n<meta property=\"og:url\" content=\"https:\/\/jlsecurity.mx\/index.php\/politica-privacidad\/\" \/>\n<meta property=\"og:site_name\" content=\"JLSecurity M\u00e9xico\" \/>\n<meta property=\"article:publisher\" content=\"https:\/\/www.facebook.com\/jlsecure\" \/>\n<meta property=\"article:modified_time\" content=\"2025-04-14T22:32:52+00:00\" \/>\n<meta name=\"twitter:card\" content=\"summary_large_image\" \/>\n<meta name=\"twitter:site\" content=\"@jlsecurity_mx\" \/>\n<meta name=\"twitter:label1\" content=\"Tiempo de lectura\" \/>\n\t<meta name=\"twitter:data1\" content=\"4 minutos\" \/>\n<script type=\"application\/ld+json\" class=\"yoast-schema-graph\">{\"@context\":\"https:\/\/schema.org\",\"@graph\":[{\"@type\":\"WebPage\",\"@id\":\"https:\/\/jlsecurity.mx\/index.php\/politica-privacidad\/\",\"url\":\"https:\/\/jlsecurity.mx\/index.php\/politica-privacidad\/\",\"name\":\"\u00a1CONOCE ACERCA DE NOSOTROS! - JLSecurity M\u00e9xico\",\"isPartOf\":{\"@id\":\"https:\/\/jlsecurity.mx\/#website\"},\"datePublished\":\"2023-05-20T03:12:45+00:00\",\"dateModified\":\"2025-04-14T22:32:52+00:00\",\"breadcrumb\":{\"@id\":\"https:\/\/jlsecurity.mx\/index.php\/politica-privacidad\/#breadcrumb\"},\"inLanguage\":\"es\",\"potentialAction\":[{\"@type\":\"ReadAction\",\"target\":[\"https:\/\/jlsecurity.mx\/index.php\/politica-privacidad\/\"]}]},{\"@type\":\"BreadcrumbList\",\"@id\":\"https:\/\/jlsecurity.mx\/index.php\/politica-privacidad\/#breadcrumb\",\"itemListElement\":[{\"@type\":\"ListItem\",\"position\":1,\"name\":\"Inicio\",\"item\":\"https:\/\/jlsecurity.mx\/\"},{\"@type\":\"ListItem\",\"position\":2,\"name\":\"\u00a1CONOCE ACERCA DE NOSOTROS!\"}]},{\"@type\":\"WebSite\",\"@id\":\"https:\/\/jlsecurity.mx\/#website\",\"url\":\"https:\/\/jlsecurity.mx\/\",\"name\":\"JLSecurity M\u00e9xico\",\"description\":\"\",\"publisher\":{\"@id\":\"https:\/\/jlsecurity.mx\/#organization\"},\"potentialAction\":[{\"@type\":\"SearchAction\",\"target\":{\"@type\":\"EntryPoint\",\"urlTemplate\":\"https:\/\/jlsecurity.mx\/?s={search_term_string}\"},\"query-input\":\"required name=search_term_string\"}],\"inLanguage\":\"es\"},{\"@type\":\"Organization\",\"@id\":\"https:\/\/jlsecurity.mx\/#organization\",\"name\":\"JLSecurity M\u00e9xico\",\"url\":\"https:\/\/jlsecurity.mx\/\",\"logo\":{\"@type\":\"ImageObject\",\"inLanguage\":\"es\",\"@id\":\"https:\/\/jlsecurity.mx\/#\/schema\/logo\/image\/\",\"url\":\"https:\/\/jlsecurity.mx\/wp-content\/uploads\/2023\/05\/logobig.jpg\",\"contentUrl\":\"https:\/\/jlsecurity.mx\/wp-content\/uploads\/2023\/05\/logobig.jpg\",\"width\":514,\"height\":503,\"caption\":\"JLSecurity M\u00e9xico\"},\"image\":{\"@id\":\"https:\/\/jlsecurity.mx\/#\/schema\/logo\/image\/\"},\"sameAs\":[\"https:\/\/www.facebook.com\/jlsecure\",\"https:\/\/x.com\/jlsecurity_mx\"]}]}<\/script>\n<!-- \/ Yoast SEO plugin. -->","yoast_head_json":{"title":"\u00a1CONOCE ACERCA DE NOSOTROS! - JLSecurity M\u00e9xico","robots":{"index":"index","follow":"follow","max-snippet":"max-snippet:-1","max-image-preview":"max-image-preview:large","max-video-preview":"max-video-preview:-1"},"canonical":"https:\/\/jlsecurity.mx\/index.php\/politica-privacidad\/","og_locale":"es_ES","og_type":"article","og_title":"\u00a1CONOCE ACERCA DE NOSOTROS! - JLSecurity M\u00e9xico","og_description":"JLSecurity M\u00e9xico, es una empresa mexicana con 20 a\u00f1os de experiencia en el \u00e1rea de las tecnolog\u00edas de la informaci\u00f3n, usamos esta experiencia para convertirnos en su socio de negocio y poder realizar sus proyectos de manera profesional. Contamos con alianzas con las mejores marcas del segmento, como HP, DELL, Lenovo, HID, Zebra, 1HORA. \u00bfQui\u00e9nes [&hellip;]","og_url":"https:\/\/jlsecurity.mx\/index.php\/politica-privacidad\/","og_site_name":"JLSecurity M\u00e9xico","article_publisher":"https:\/\/www.facebook.com\/jlsecure","article_modified_time":"2025-04-14T22:32:52+00:00","twitter_card":"summary_large_image","twitter_site":"@jlsecurity_mx","twitter_misc":{"Tiempo de lectura":"4 minutos"},"schema":{"@context":"https:\/\/schema.org","@graph":[{"@type":"WebPage","@id":"https:\/\/jlsecurity.mx\/index.php\/politica-privacidad\/","url":"https:\/\/jlsecurity.mx\/index.php\/politica-privacidad\/","name":"\u00a1CONOCE ACERCA DE NOSOTROS! - JLSecurity M\u00e9xico","isPartOf":{"@id":"https:\/\/jlsecurity.mx\/#website"},"datePublished":"2023-05-20T03:12:45+00:00","dateModified":"2025-04-14T22:32:52+00:00","breadcrumb":{"@id":"https:\/\/jlsecurity.mx\/index.php\/politica-privacidad\/#breadcrumb"},"inLanguage":"es","potentialAction":[{"@type":"ReadAction","target":["https:\/\/jlsecurity.mx\/index.php\/politica-privacidad\/"]}]},{"@type":"BreadcrumbList","@id":"https:\/\/jlsecurity.mx\/index.php\/politica-privacidad\/#breadcrumb","itemListElement":[{"@type":"ListItem","position":1,"name":"Inicio","item":"https:\/\/jlsecurity.mx\/"},{"@type":"ListItem","position":2,"name":"\u00a1CONOCE ACERCA DE NOSOTROS!"}]},{"@type":"WebSite","@id":"https:\/\/jlsecurity.mx\/#website","url":"https:\/\/jlsecurity.mx\/","name":"JLSecurity M\u00e9xico","description":"","publisher":{"@id":"https:\/\/jlsecurity.mx\/#organization"},"potentialAction":[{"@type":"SearchAction","target":{"@type":"EntryPoint","urlTemplate":"https:\/\/jlsecurity.mx\/?s={search_term_string}"},"query-input":"required name=search_term_string"}],"inLanguage":"es"},{"@type":"Organization","@id":"https:\/\/jlsecurity.mx\/#organization","name":"JLSecurity M\u00e9xico","url":"https:\/\/jlsecurity.mx\/","logo":{"@type":"ImageObject","inLanguage":"es","@id":"https:\/\/jlsecurity.mx\/#\/schema\/logo\/image\/","url":"https:\/\/jlsecurity.mx\/wp-content\/uploads\/2023\/05\/logobig.jpg","contentUrl":"https:\/\/jlsecurity.mx\/wp-content\/uploads\/2023\/05\/logobig.jpg","width":514,"height":503,"caption":"JLSecurity M\u00e9xico"},"image":{"@id":"https:\/\/jlsecurity.mx\/#\/schema\/logo\/image\/"},"sameAs":["https:\/\/www.facebook.com\/jlsecure","https:\/\/x.com\/jlsecurity_mx"]}]}},"_links":{"self":[{"href":"https:\/\/jlsecurity.mx\/index.php\/wp-json\/wp\/v2\/pages\/3","targetHints":{"allow":["GET"]}}],"collection":[{"href":"https:\/\/jlsecurity.mx\/index.php\/wp-json\/wp\/v2\/pages"}],"about":[{"href":"https:\/\/jlsecurity.mx\/index.php\/wp-json\/wp\/v2\/types\/page"}],"author":[{"embeddable":true,"href":"https:\/\/jlsecurity.mx\/index.php\/wp-json\/wp\/v2\/users\/1"}],"replies":[{"embeddable":true,"href":"https:\/\/jlsecurity.mx\/index.php\/wp-json\/wp\/v2\/comments?post=3"}],"version-history":[{"count":5,"href":"https:\/\/jlsecurity.mx\/index.php\/wp-json\/wp\/v2\/pages\/3\/revisions"}],"predecessor-version":[{"id":70,"href":"https:\/\/jlsecurity.mx\/index.php\/wp-json\/wp\/v2\/pages\/3\/revisions\/70"}],"wp:attachment":[{"href":"https:\/\/jlsecurity.mx\/index.php\/wp-json\/wp\/v2\/media?parent=3"}],"curies":[{"name":"wp","href":"https:\/\/api.w.org\/{rel}","templated":true}]}}